{"id":47,"date":"2020-05-31T02:44:12","date_gmt":"2020-05-31T07:44:12","guid":{"rendered":"https:\/\/dasantechnology.com\/?page_id=47"},"modified":"2023-09-05T09:42:05","modified_gmt":"2023-09-05T14:42:05","slug":"inicio","status":"publish","type":"page","link":"https:\/\/dasantechnology.com\/","title":{"rendered":"Inicio"},"content":{"rendered":"<h2>SIA WEB<\/h2>\n<h2>Sistema de Informaci\u00f3n Automotriz con enfoque a la Preventa de veh\u00edculos nuevos Versi\u00f3n Beta.<\/h2>\n<p>\t\t\t<a href=\"https:\/\/dasantechnology.com\/sia_web_linux20227\" target=\"_blank\" rel=\"noopener\"><br \/>\n\t\t\t\t\t\tVersi\u00f3n 1.0<br \/>\n\t\t\t\t\t<\/a><\/p>\n<h4>Acerca de Nosotros<\/h4>\n<p>Dasan Technology, es un emprendimiento digital que le ofrece soluciones inform\u00e1ticas a los sectores Comerciales, Industriales y de Servicios, actualmente contamos con proyectos como los siguientes:<\/p>\n<p>SIA WEB &#8211; Sistema de Informaci\u00f3n Automotriz con enfoque en la preventa de Veh\u00edculos Nuevos<\/p>\n<p>\t\t\t<a href=\"#\"><br \/>\n\t\t\t\t\t\tLeer mas<br \/>\n\t\t\t\t\t<\/a><\/p>\n<p>SANSER SISTEMA DE GESTION SG &#8211; SST\u2013 Soluci\u00f3n tecnol\u00f3gica para la administraci\u00f3n de los sistemas de Gesti\u00f3n, regulados por las normas ISO9001 \u2013 OSHA 18001 \u2013 ISO 14001<\/p>\n<p>\t\t\t<a href=\"#\"><br \/>\n\t\t\t\t\t\tleer mas<br \/>\n\t\t\t\t\t<\/a><br \/>\n\t\t\t\t\t\t\t\t\t\t\t\t\t\t\t<img decoding=\"async\" width=\"2560\" height=\"1704\" src=\"https:\/\/dasantechnology.com\/wp-content\/uploads\/2020\/05\/mitul-grover-ospjIeNpvHk-unsplash-scaled.jpg\" alt=\"Emprendimiento Dasan\" loading=\"lazy\" srcset=\"https:\/\/i0.wp.com\/dasantechnology.com\/wp-content\/uploads\/2020\/05\/mitul-grover-ospjIeNpvHk-unsplash-scaled.jpg?w=2560&amp;ssl=1 2560w, https:\/\/i0.wp.com\/dasantechnology.com\/wp-content\/uploads\/2020\/05\/mitul-grover-ospjIeNpvHk-unsplash-scaled.jpg?resize=300%2C200&amp;ssl=1 300w, https:\/\/i0.wp.com\/dasantechnology.com\/wp-content\/uploads\/2020\/05\/mitul-grover-ospjIeNpvHk-unsplash-scaled.jpg?resize=1024%2C681&amp;ssl=1 1024w, https:\/\/i0.wp.com\/dasantechnology.com\/wp-content\/uploads\/2020\/05\/mitul-grover-ospjIeNpvHk-unsplash-scaled.jpg?resize=768%2C511&amp;ssl=1 768w, https:\/\/i0.wp.com\/dasantechnology.com\/wp-content\/uploads\/2020\/05\/mitul-grover-ospjIeNpvHk-unsplash-scaled.jpg?resize=1536%2C1022&amp;ssl=1 1536w, https:\/\/i0.wp.com\/dasantechnology.com\/wp-content\/uploads\/2020\/05\/mitul-grover-ospjIeNpvHk-unsplash-scaled.jpg?resize=2048%2C1363&amp;ssl=1 2048w\" sizes=\"auto, (max-width: 2560px) 100vw, 2560px\" \/>\t\t\t\t\t\t\t\t\t\t\t\t\t\t\t<\/p>\n<h4>Caracter\u00edsticas<\/h4>\n<figure><img decoding=\"async\" width=\"400\" height=\"400\" src=\"https:\/\/dasantechnology.com\/wp-content\/uploads\/2020\/06\/LogoMakr_3T0wzd.png\" alt=\"\" loading=\"lazy\" \/><\/figure>\n<h3>En la nube o local<\/h3>\n<p>Permite trabajar el sistema en una red local o a trav\u00e9s de Internet<\/p>\n<figure><img decoding=\"async\" width=\"400\" height=\"346\" src=\"https:\/\/dasantechnology.com\/wp-content\/uploads\/2020\/06\/LogoMakr_7RXbjy.png\" alt=\"\" loading=\"lazy\" \/><\/figure>\n<h3>Perfiles de Usuarios<\/h3>\n<p>Tiene la posibilidad de conectarse m\u00faltiples usuarios y la creaci\u00f3n de perfiles de usuario, con proceso de autenticaci\u00f3n login\/password<\/p>\n<figure><img decoding=\"async\" width=\"319\" height=\"400\" src=\"https:\/\/dasantechnology.com\/wp-content\/uploads\/2020\/06\/LogoMakr_5Xg7zr.png\" alt=\"\" loading=\"lazy\" \/><\/figure>\n<h3>Informes Personalizados<\/h3>\n<p>Reflejan datos claros y f\u00e1ciles de entender sobre los KPI de su organizaci\u00f3n.<\/p>\n","protected":false},"excerpt":{"rendered":"<p>SIA WEB Sistema de Informaci\u00f3n Automotriz con enfoque a la Preventa de veh\u00edculos nuevos Versi\u00f3n Beta. Versi\u00f3n 1.0 Acerca de Nosotros Dasan Technology, es un emprendimiento digital que le ofrece soluciones inform\u00e1ticas a los sectores Comerciales, Industriales y de Servicios, actualmente contamos con proyectos como los siguientes: SIA WEB &#8211; Sistema de Informaci\u00f3n Automotriz con [&hellip;]<\/p>\n","protected":false},"author":1,"featured_media":0,"parent":0,"menu_order":0,"comment_status":"closed","ping_status":"closed","template":"","meta":{"site-sidebar-layout":"no-sidebar","site-content-layout":"page-builder","ast-site-content-layout":"default","site-content-style":"default","site-sidebar-style":"default","ast-global-header-display":"","ast-banner-title-visibility":"","ast-main-header-display":"","ast-hfb-above-header-display":"","ast-hfb-below-header-display":"","ast-hfb-mobile-header-display":"","site-post-title":"disabled","ast-breadcrumbs-content":"","ast-featured-img":"disabled","footer-sml-layout":"","ast-disable-related-posts":"","theme-transparent-header-meta":"default","adv-header-id-meta":"","stick-header-meta":"","header-above-stick-meta":"","header-main-stick-meta":"","header-below-stick-meta":"","astra-migrate-meta-layouts":"default","ast-page-background-enabled":"default","ast-page-background-meta":{"desktop":{"background-color":"","background-image":"","background-repeat":"repeat","background-position":"center center","background-size":"auto","background-attachment":"scroll","background-type":"","background-media":"","overlay-type":"","overlay-color":"","overlay-opacity":"","overlay-gradient":""},"tablet":{"background-color":"","background-image":"","background-repeat":"repeat","background-position":"center center","background-size":"auto","background-attachment":"scroll","background-type":"","background-media":"","overlay-type":"","overlay-color":"","overlay-opacity":"","overlay-gradient":""},"mobile":{"background-color":"","background-image":"","background-repeat":"repeat","background-position":"center center","background-size":"auto","background-attachment":"scroll","background-type":"","background-media":"","overlay-type":"","overlay-color":"","overlay-opacity":"","overlay-gradient":""}},"ast-content-background-meta":{"desktop":{"background-color":"var(--ast-global-color-5)","background-image":"","background-repeat":"repeat","background-position":"center center","background-size":"auto","background-attachment":"scroll","background-type":"","background-media":"","overlay-type":"","overlay-color":"","overlay-opacity":"","overlay-gradient":""},"tablet":{"background-color":"var(--ast-global-color-5)","background-image":"","background-repeat":"repeat","background-position":"center center","background-size":"auto","background-attachment":"scroll","background-type":"","background-media":"","overlay-type":"","overlay-color":"","overlay-opacity":"","overlay-gradient":""},"mobile":{"background-color":"var(--ast-global-color-5)","background-image":"","background-repeat":"repeat","background-position":"center center","background-size":"auto","background-attachment":"scroll","background-type":"","background-media":"","overlay-type":"","overlay-color":"","overlay-opacity":"","overlay-gradient":""}},"footnotes":""},"class_list":["post-47","page","type-page","status-publish","hentry"],"_links":{"self":[{"href":"https:\/\/dasantechnology.com\/index.php?rest_route=\/wp\/v2\/pages\/47","targetHints":{"allow":["GET"]}}],"collection":[{"href":"https:\/\/dasantechnology.com\/index.php?rest_route=\/wp\/v2\/pages"}],"about":[{"href":"https:\/\/dasantechnology.com\/index.php?rest_route=\/wp\/v2\/types\/page"}],"author":[{"embeddable":true,"href":"https:\/\/dasantechnology.com\/index.php?rest_route=\/wp\/v2\/users\/1"}],"replies":[{"embeddable":true,"href":"https:\/\/dasantechnology.com\/index.php?rest_route=%2Fwp%2Fv2%2Fcomments&post=47"}],"version-history":[{"count":98,"href":"https:\/\/dasantechnology.com\/index.php?rest_route=\/wp\/v2\/pages\/47\/revisions"}],"predecessor-version":[{"id":337,"href":"https:\/\/dasantechnology.com\/index.php?rest_route=\/wp\/v2\/pages\/47\/revisions\/337"}],"wp:attachment":[{"href":"https:\/\/dasantechnology.com\/index.php?rest_route=%2Fwp%2Fv2%2Fmedia&parent=47"}],"curies":[{"name":"wp","href":"https:\/\/api.w.org\/{rel}","templated":true}]}}